{"id":3,"date":"2025-10-22T11:21:50","date_gmt":"2025-10-22T11:21:50","guid":{"rendered":"https:\/\/kolinsatamatupa.fi\/?page_id=3"},"modified":"2026-01-05T09:41:58","modified_gmt":"2026-01-05T09:41:58","slug":"privacy-policy","status":"publish","type":"page","link":"https:\/\/kolinsatamatupa.fi\/en\/privacy-policy\/","title":{"rendered":"Tietosuojaseloste"},"content":{"rendered":"<div data-elementor-type=\"wp-page\" data-elementor-id=\"3\" class=\"elementor elementor-3\">\n\t\t\t\t<div class=\"elementor-element elementor-element-591a09b8 e-flex e-con-boxed e-con e-parent\" data-id=\"591a09b8\" data-element_type=\"container\">\n\t\t\t\t\t<div class=\"e-con-inner\">\n\t\t\t\t<div class=\"elementor-element elementor-element-4cb9a71f elementor-widget elementor-widget-text-editor\" data-id=\"4cb9a71f\" data-element_type=\"widget\" data-widget_type=\"text-editor.default\">\n\t\t\t\t<div class=\"elementor-widget-container\">\n\t\t\t\t\t\t\t\t\t<h4>Rekisterinpit\u00e4j\u00e4<\/h4>\n<p>Rekisterinpit\u00e4j\u00e4n\u00e4 suhteessa t\u00e4ss\u00e4 tietosuojaselosteessa kuvattuun henkil\u00f6tietojen k\u00e4sittelyyn on:<\/p>\n<h1 id=\"main-content\" class=\"MuiTypography-root MuiTypography-h1 css-177ev81\">Annetta Oy<\/h1>\n<p><br \/><strong>Y-tunnus: 3553901-4<\/strong><br \/><strong>www.kolinsatamatupa.fi<\/strong><br \/><strong>Puh. 050 5375347<\/strong><\/p>\n<h4><strong>YHTEYSHENKIL\u00d6T TIETOSUOJA-ASIOISSA<\/strong><\/h4>\n<p><b>Anne Niemi-Kettunen<\/b><br \/><strong>Puh. 050 5375347<\/strong><br \/><b>info@kolinsatamatupa.fi<\/b><\/p>\n<h4><strong>MIT\u00c4 TIETOJA KER\u00c4\u00c4MME?<\/strong><\/h4>\n<p>Vieraillessasi verkkosivuillamme ker\u00e4\u00e4mme verkkosivujemme k\u00e4ytt\u00f6\u00f6n ja k\u00e4ytt\u00f6kokemukseen liittyvi\u00e4 tietoja, kuten IP-osoite,\u00a0tietoja p\u00e4\u00e4telaitteestasi ja selaimesi asetuksista sek\u00e4 verkkosivujen k\u00e4ytt\u00f6tavoista. Lukuun ottamatta IP-osoitetta, ker\u00e4\u00e4mme henkil\u00f6tietojasi ainoastaan silloin, kun k\u00e4ytt\u00e4j\u00e4n\u00e4 luovutat meille henkil\u00f6tietojasi esimerkiksi yhteydenottolomakeella.<\/p>\n<h4><strong>KUINKA K\u00c4YT\u00c4MME TIETOJASI?<\/strong><\/h4>\n<ul>\n<li>Yhteydenottopyynt\u00f6jen k\u00e4sittelyyn ja niihin vastaamiseen<\/li>\n<li>Esitt\u00e4\u00e4ksemme verkkosivujemme sis\u00e4ll\u00f6n k\u00e4ytt\u00e4m\u00e4llesi laitteelle parhaiten soveltuvalla tavalla<\/li>\n<li>Verkkosivujemme k\u00e4yt\u00f6n seurantaan sek\u00e4 k\u00e4ytt\u00f6kokemuksen ja toiminnallisuuden parantamiseen<\/li>\n<li>Lain sallimissa puitteissa omien tuotteiden markkinointiin ja asiakasviestint\u00e4\u00e4n<\/li>\n<\/ul>\n<h4><strong><br \/>EMME LUOVUTA TIETOJA ETEENP\u00c4IN<\/strong><\/h4>\n<p>Henkil\u00f6tietoja k\u00e4sittelee yrityksemme nimetty asiakasrekisterin pit\u00e4j\u00e4, joka k\u00e4sittelee tietoja H\u00f6yti\u00e4isen Tupa Oy:n lukuun salassapitovelvollisuuden ja tietosuojavelvoitteiden mukaisesti. Tietojasi ei luovuteta muille organisaatioille kaupallisiin tarkoituksiin.<\/p>\n<h4><strong><br \/>MITEN VOIT VAIKUTTAA TIETOJEN KER\u00c4\u00c4MISEEN?<\/strong><\/h4>\n<p>Sinulla on oikeus tarkistaa mit\u00e4 tietoja sinusta s\u00e4ilyt\u00e4mme, tehd\u00e4 tietoihin korjauksia ja muutoksia ja halutessasi pyyt\u00e4\u00e4 tietojen poistamista. Sinulla on my\u00f6s oikeus kielt\u00e4\u00e4 tietojesi k\u00e4ytt\u00f6 suoramarkkinointiin.<\/p>\n<p>Pyynn\u00f6t edell\u00e4 mainittuihin voi toimittaa s\u00e4hk\u00f6postitse:<b> info@kolinsatamatupa.fi<\/b><\/p>\n<p>Jos et halua verkkosivujemme tallentavan ev\u00e4stetietoja, se on mahdollista kielt\u00e4\u00e4 selaimen asetuksissa sivustokohtaisesti tai kokonaan\u00a0SELAIMESI ASETUKSISTA. Voit my\u00f6s milloin tahansa poistaa selaimesi tallentamat ev\u00e4stetiedot. Huomioi, ett\u00e4 ev\u00e4stetiedostojen tallentamisen kielt\u00e4minen voi vaikuttaa verkkosivujemme toiminnallisuuteen.<\/p>\n<h4><strong><br \/>KUINKA K\u00c4YT\u00c4MME EV\u00c4STEIT\u00c4?<\/strong><\/h4>\n<p>Cookie- eli ev\u00e4stetiedosto on tietokoneelle tallennettava pieni tekstitiedosto. K\u00e4yt\u00e4mme verkkosivuillamme ev\u00e4stetiedostoja ensisijaisesti parantaaksemme sivujen k\u00e4ytt\u00f6kokemusta ja toiminnallisuutta sek\u00e4 arvioidaksemme, miten sivuilla olevaa sis\u00e4lt\u00f6\u00e4 k\u00e4ytet\u00e4\u00e4n.<\/p>\n<p>Voimme k\u00e4ytt\u00e4\u00e4\u00a0verkkosivuillamme alla mainittujen\u00a0kolmansien osapuolien tarjoamia\u00a0palveluja<\/p>\n<ul>\n<li>Google Tag Manager \/ Google Analytics,\u00a0verkkosivujen k\u00e4vij\u00e4seurantaan tarkoitettu palvelu. Palvelu tallentaa tietoja siit\u00e4, kuinka kauan viivyt sivustolla, mit\u00e4 kautta tulit sivulle ja mit\u00e4 linkkej\u00e4 klikkaat.<\/li>\n<li>Lis\u00e4tietoja Google Analytics -palvelun tietosuojak\u00e4yt\u00e4nn\u00f6ist\u00e4:\u00a0<a href=\"https:\/\/support.google.com\/analytics\/answer\/6004245?hl=fi&amp;ref_topic=2919631\"><strong>https:\/\/support.google.com\/analytics\/answer\/6004245?hl=fi&amp;ref_topic=2919631<\/strong><\/a><\/li>\n<li>META:n alustat (Facebook, Instagram)<\/li>\n<\/ul>\n<h4><strong><br \/>MIHIN VOIT OTTAA YHTEYTT\u00c4?<\/strong><\/h4>\n<p>Tietosuojan tai\u00a0ev\u00e4steiden k\u00e4ytt\u00f6\u00f6n liittyviss\u00e4 tiedusteluissa pyyd\u00e4mme sinua ottamaan yhteytt\u00e4:<br \/>info@kolinsatamatupa.fi<\/p>\t\t\t\t\t\t\t\t<\/div>\n\t\t\t\t<\/div>\n\t\t\t\t\t<\/div>\n\t\t\t\t<\/div>\n\t\t\t\t<\/div>","protected":false},"excerpt":{"rendered":"<p>Rekisterinpit\u00e4j\u00e4 Rekisterinpit\u00e4j\u00e4n\u00e4 suhteessa t\u00e4ss\u00e4 tietosuojaselosteessa kuvattuun henkil\u00f6tietojen k\u00e4sittelyyn on: Annetta Oy Y-tunnus: 3553901-4www.kolinsatamatupa.fiPuh. 050 5375347 YHTEYSHENKIL\u00d6T TIETOSUOJA-ASIOISSA Anne Niemi-KettunenPuh. 050 5375347info@kolinsatamatupa.fi MIT\u00c4 TIETOJA KER\u00c4\u00c4MME? Vieraillessasi verkkosivuillamme ker\u00e4\u00e4mme verkkosivujemme k\u00e4ytt\u00f6\u00f6n ja k\u00e4ytt\u00f6kokemukseen liittyvi\u00e4 tietoja, kuten IP-osoite,\u00a0tietoja p\u00e4\u00e4telaitteestasi ja selaimesi asetuksista sek\u00e4 verkkosivujen k\u00e4ytt\u00f6tavoista. Lukuun ottamatta IP-osoitetta, ker\u00e4\u00e4mme henkil\u00f6tietojasi ainoastaan silloin, kun k\u00e4ytt\u00e4j\u00e4n\u00e4 luovutat meille henkil\u00f6tietojasi esimerkiksi [&hellip;]<\/p>\n","protected":false},"author":1,"featured_media":0,"parent":0,"menu_order":0,"comment_status":"closed","ping_status":"open","template":"","meta":{"site-sidebar-layout":"default","site-content-layout":"","ast-site-content-layout":"default","site-content-style":"default","site-sidebar-style":"default","ast-global-header-display":"","ast-banner-title-visibility":"","ast-main-header-display":"","ast-hfb-above-header-display":"","ast-hfb-below-header-display":"","ast-hfb-mobile-header-display":"","site-post-title":"","ast-breadcrumbs-content":"","ast-featured-img":"","footer-sml-layout":"","ast-disable-related-posts":"","theme-transparent-header-meta":"","adv-header-id-meta":"","stick-header-meta":"","header-above-stick-meta":"","header-main-stick-meta":"","header-below-stick-meta":"","astra-migrate-meta-layouts":"set","ast-page-background-enabled":"default","ast-page-background-meta":{"desktop":{"background-color":"","background-image":"","background-repeat":"repeat","background-position":"center center","background-size":"auto","background-attachment":"scroll","background-type":"","background-media":"","overlay-type":"","overlay-color":"","overlay-opacity":"","overlay-gradient":""},"tablet":{"background-color":"","background-image":"","background-repeat":"repeat","background-position":"center center","background-size":"auto","background-attachment":"scroll","background-type":"","background-media":"","overlay-type":"","overlay-color":"","overlay-opacity":"","overlay-gradient":""},"mobile":{"background-color":"","background-image":"","background-repeat":"repeat","background-position":"center center","background-size":"auto","background-attachment":"scroll","background-type":"","background-media":"","overlay-type":"","overlay-color":"","overlay-opacity":"","overlay-gradient":""}},"ast-content-background-meta":{"desktop":{"background-color":"var(--ast-global-color-5)","background-image":"","background-repeat":"repeat","background-position":"center center","background-size":"auto","background-attachment":"scroll","background-type":"","background-media":"","overlay-type":"","overlay-color":"","overlay-opacity":"","overlay-gradient":""},"tablet":{"background-color":"var(--ast-global-color-5)","background-image":"","background-repeat":"repeat","background-position":"center center","background-size":"auto","background-attachment":"scroll","background-type":"","background-media":"","overlay-type":"","overlay-color":"","overlay-opacity":"","overlay-gradient":""},"mobile":{"background-color":"var(--ast-global-color-5)","background-image":"","background-repeat":"repeat","background-position":"center center","background-size":"auto","background-attachment":"scroll","background-type":"","background-media":"","overlay-type":"","overlay-color":"","overlay-opacity":"","overlay-gradient":""}},"footnotes":""},"class_list":["post-3","page","type-page","status-publish","hentry"],"yoast_head":"<!-- This site is optimized with the Yoast SEO plugin v27.1.1 - https:\/\/yoast.com\/product\/yoast-seo-wordpress\/ -->\n<title>Tietosuojaseloste - Kolin Satamatupa<\/title>\n<meta name=\"robots\" content=\"index, follow, max-snippet:-1, max-image-preview:large, max-video-preview:-1\" \/>\n<link rel=\"canonical\" href=\"https:\/\/kolinsatamatupa.fi\/en\/privacy-policy\/\" \/>\n<meta property=\"og:locale\" content=\"en_US\" \/>\n<meta property=\"og:type\" content=\"article\" \/>\n<meta property=\"og:title\" content=\"Tietosuojaseloste - Kolin Satamatupa\" \/>\n<meta property=\"og:description\" content=\"Rekisterinpit\u00e4j\u00e4 Rekisterinpit\u00e4j\u00e4n\u00e4 suhteessa t\u00e4ss\u00e4 tietosuojaselosteessa kuvattuun henkil\u00f6tietojen k\u00e4sittelyyn on: Annetta Oy Y-tunnus: 3553901-4www.kolinsatamatupa.fiPuh. 050 5375347 YHTEYSHENKIL\u00d6T TIETOSUOJA-ASIOISSA Anne Niemi-KettunenPuh. 050 5375347info@kolinsatamatupa.fi MIT\u00c4 TIETOJA KER\u00c4\u00c4MME? Vieraillessasi verkkosivuillamme ker\u00e4\u00e4mme verkkosivujemme k\u00e4ytt\u00f6\u00f6n ja k\u00e4ytt\u00f6kokemukseen liittyvi\u00e4 tietoja, kuten IP-osoite,\u00a0tietoja p\u00e4\u00e4telaitteestasi ja selaimesi asetuksista sek\u00e4 verkkosivujen k\u00e4ytt\u00f6tavoista. Lukuun ottamatta IP-osoitetta, ker\u00e4\u00e4mme henkil\u00f6tietojasi ainoastaan silloin, kun k\u00e4ytt\u00e4j\u00e4n\u00e4 luovutat meille henkil\u00f6tietojasi esimerkiksi [&hellip;]\" \/>\n<meta property=\"og:url\" content=\"https:\/\/kolinsatamatupa.fi\/en\/privacy-policy\/\" \/>\n<meta property=\"og:site_name\" content=\"Kolin Satamatupa\" \/>\n<meta property=\"article:modified_time\" content=\"2026-01-05T09:41:58+00:00\" \/>\n<meta name=\"twitter:card\" content=\"summary_large_image\" \/>\n<meta name=\"twitter:label1\" content=\"Est. reading time\" \/>\n\t<meta name=\"twitter:data1\" content=\"2 minutes\" \/>\n<script type=\"application\/ld+json\" class=\"yoast-schema-graph\">{\"@context\":\"https:\/\/schema.org\",\"@graph\":[{\"@type\":\"WebPage\",\"@id\":\"https:\/\/kolinsatamatupa.fi\/privacy-policy\/\",\"url\":\"https:\/\/kolinsatamatupa.fi\/privacy-policy\/\",\"name\":\"Tietosuojaseloste - Kolin Satamatupa\",\"isPartOf\":{\"@id\":\"https:\/\/kolinsatamatupa.fi\/#website\"},\"datePublished\":\"2025-10-22T11:21:50+00:00\",\"dateModified\":\"2026-01-05T09:41:58+00:00\",\"breadcrumb\":{\"@id\":\"https:\/\/kolinsatamatupa.fi\/privacy-policy\/#breadcrumb\"},\"inLanguage\":\"en-US\",\"potentialAction\":[{\"@type\":\"ReadAction\",\"target\":[\"https:\/\/kolinsatamatupa.fi\/privacy-policy\/\"]}]},{\"@type\":\"BreadcrumbList\",\"@id\":\"https:\/\/kolinsatamatupa.fi\/privacy-policy\/#breadcrumb\",\"itemListElement\":[{\"@type\":\"ListItem\",\"position\":1,\"name\":\"Etusivu\",\"item\":\"https:\/\/kolinsatamatupa.fi\/\"},{\"@type\":\"ListItem\",\"position\":2,\"name\":\"Tietosuojaseloste\"}]},{\"@type\":\"WebSite\",\"@id\":\"https:\/\/kolinsatamatupa.fi\/#website\",\"url\":\"https:\/\/kolinsatamatupa.fi\/\",\"name\":\"Kolin Satamatupa\",\"description\":\"Pyshdy Kolilla, viihdy satamatuvalla.\",\"publisher\":{\"@id\":\"https:\/\/kolinsatamatupa.fi\/#organization\"},\"potentialAction\":[{\"@type\":\"SearchAction\",\"target\":{\"@type\":\"EntryPoint\",\"urlTemplate\":\"https:\/\/kolinsatamatupa.fi\/?s={search_term_string}\"},\"query-input\":{\"@type\":\"PropertyValueSpecification\",\"valueRequired\":true,\"valueName\":\"search_term_string\"}}],\"inLanguage\":\"en-US\"},{\"@type\":\"Organization\",\"@id\":\"https:\/\/kolinsatamatupa.fi\/#organization\",\"name\":\"Kolin Satamatupa\",\"url\":\"https:\/\/kolinsatamatupa.fi\/\",\"logo\":{\"@type\":\"ImageObject\",\"inLanguage\":\"en-US\",\"@id\":\"https:\/\/kolinsatamatupa.fi\/#\/schema\/logo\/image\/\",\"url\":\"https:\/\/kolinsatamatupa.fi\/wp-content\/uploads\/2025\/11\/kolin-satama-15.png\",\"contentUrl\":\"https:\/\/kolinsatamatupa.fi\/wp-content\/uploads\/2025\/11\/kolin-satama-15.png\",\"width\":1228,\"height\":690,\"caption\":\"Kolin Satamatupa\"},\"image\":{\"@id\":\"https:\/\/kolinsatamatupa.fi\/#\/schema\/logo\/image\/\"}}]}<\/script>\n<!-- \/ Yoast SEO plugin. -->","yoast_head_json":{"title":"Tietosuojaseloste - Kolin Satamatupa","robots":{"index":"index","follow":"follow","max-snippet":"max-snippet:-1","max-image-preview":"max-image-preview:large","max-video-preview":"max-video-preview:-1"},"canonical":"https:\/\/kolinsatamatupa.fi\/en\/privacy-policy\/","og_locale":"en_US","og_type":"article","og_title":"Tietosuojaseloste - Kolin Satamatupa","og_description":"Rekisterinpit\u00e4j\u00e4 Rekisterinpit\u00e4j\u00e4n\u00e4 suhteessa t\u00e4ss\u00e4 tietosuojaselosteessa kuvattuun henkil\u00f6tietojen k\u00e4sittelyyn on: Annetta Oy Y-tunnus: 3553901-4www.kolinsatamatupa.fiPuh. 050 5375347 YHTEYSHENKIL\u00d6T TIETOSUOJA-ASIOISSA Anne Niemi-KettunenPuh. 050 5375347info@kolinsatamatupa.fi MIT\u00c4 TIETOJA KER\u00c4\u00c4MME? Vieraillessasi verkkosivuillamme ker\u00e4\u00e4mme verkkosivujemme k\u00e4ytt\u00f6\u00f6n ja k\u00e4ytt\u00f6kokemukseen liittyvi\u00e4 tietoja, kuten IP-osoite,\u00a0tietoja p\u00e4\u00e4telaitteestasi ja selaimesi asetuksista sek\u00e4 verkkosivujen k\u00e4ytt\u00f6tavoista. Lukuun ottamatta IP-osoitetta, ker\u00e4\u00e4mme henkil\u00f6tietojasi ainoastaan silloin, kun k\u00e4ytt\u00e4j\u00e4n\u00e4 luovutat meille henkil\u00f6tietojasi esimerkiksi [&hellip;]","og_url":"https:\/\/kolinsatamatupa.fi\/en\/privacy-policy\/","og_site_name":"Kolin Satamatupa","article_modified_time":"2026-01-05T09:41:58+00:00","twitter_card":"summary_large_image","twitter_misc":{"Est. reading time":"2 minutes"},"schema":{"@context":"https:\/\/schema.org","@graph":[{"@type":"WebPage","@id":"https:\/\/kolinsatamatupa.fi\/privacy-policy\/","url":"https:\/\/kolinsatamatupa.fi\/privacy-policy\/","name":"Tietosuojaseloste - Kolin Satamatupa","isPartOf":{"@id":"https:\/\/kolinsatamatupa.fi\/#website"},"datePublished":"2025-10-22T11:21:50+00:00","dateModified":"2026-01-05T09:41:58+00:00","breadcrumb":{"@id":"https:\/\/kolinsatamatupa.fi\/privacy-policy\/#breadcrumb"},"inLanguage":"en-US","potentialAction":[{"@type":"ReadAction","target":["https:\/\/kolinsatamatupa.fi\/privacy-policy\/"]}]},{"@type":"BreadcrumbList","@id":"https:\/\/kolinsatamatupa.fi\/privacy-policy\/#breadcrumb","itemListElement":[{"@type":"ListItem","position":1,"name":"Etusivu","item":"https:\/\/kolinsatamatupa.fi\/"},{"@type":"ListItem","position":2,"name":"Tietosuojaseloste"}]},{"@type":"WebSite","@id":"https:\/\/kolinsatamatupa.fi\/#website","url":"https:\/\/kolinsatamatupa.fi\/","name":"Kolin Satamatupa","description":"Pyshdy Kolilla, viihdy satamatuvalla.","publisher":{"@id":"https:\/\/kolinsatamatupa.fi\/#organization"},"potentialAction":[{"@type":"SearchAction","target":{"@type":"EntryPoint","urlTemplate":"https:\/\/kolinsatamatupa.fi\/?s={search_term_string}"},"query-input":{"@type":"PropertyValueSpecification","valueRequired":true,"valueName":"search_term_string"}}],"inLanguage":"en-US"},{"@type":"Organization","@id":"https:\/\/kolinsatamatupa.fi\/#organization","name":"Kolin Satamatupa","url":"https:\/\/kolinsatamatupa.fi\/","logo":{"@type":"ImageObject","inLanguage":"en-US","@id":"https:\/\/kolinsatamatupa.fi\/#\/schema\/logo\/image\/","url":"https:\/\/kolinsatamatupa.fi\/wp-content\/uploads\/2025\/11\/kolin-satama-15.png","contentUrl":"https:\/\/kolinsatamatupa.fi\/wp-content\/uploads\/2025\/11\/kolin-satama-15.png","width":1228,"height":690,"caption":"Kolin Satamatupa"},"image":{"@id":"https:\/\/kolinsatamatupa.fi\/#\/schema\/logo\/image\/"}}]}},"_links":{"self":[{"href":"https:\/\/kolinsatamatupa.fi\/en\/wp-json\/wp\/v2\/pages\/3","targetHints":{"allow":["GET"]}}],"collection":[{"href":"https:\/\/kolinsatamatupa.fi\/en\/wp-json\/wp\/v2\/pages"}],"about":[{"href":"https:\/\/kolinsatamatupa.fi\/en\/wp-json\/wp\/v2\/types\/page"}],"author":[{"embeddable":true,"href":"https:\/\/kolinsatamatupa.fi\/en\/wp-json\/wp\/v2\/users\/1"}],"replies":[{"embeddable":true,"href":"https:\/\/kolinsatamatupa.fi\/en\/wp-json\/wp\/v2\/comments?post=3"}],"version-history":[{"count":5,"href":"https:\/\/kolinsatamatupa.fi\/en\/wp-json\/wp\/v2\/pages\/3\/revisions"}],"predecessor-version":[{"id":1256,"href":"https:\/\/kolinsatamatupa.fi\/en\/wp-json\/wp\/v2\/pages\/3\/revisions\/1256"}],"wp:attachment":[{"href":"https:\/\/kolinsatamatupa.fi\/en\/wp-json\/wp\/v2\/media?parent=3"}],"curies":[{"name":"wp","href":"https:\/\/api.w.org\/{rel}","templated":true}]}}