{"id":401,"date":"2025-11-14T11:33:31","date_gmt":"2025-11-14T11:33:31","guid":{"rendered":"https:\/\/kolinsatamatupa.fi\/index.php\/menu\/"},"modified":"2026-01-06T13:44:11","modified_gmt":"2026-01-06T13:44:11","slug":"menu","status":"publish","type":"page","link":"https:\/\/kolinsatamatupa.fi\/en\/menu\/","title":{"rendered":"Menu"},"content":{"rendered":"<div data-elementor-type=\"wp-page\" data-elementor-id=\"401\" class=\"elementor elementor-401\">\n\t\t\t\t<div class=\"elementor-element elementor-element-893b1d1 e-flex e-con-boxed e-con e-parent\" data-id=\"893b1d1\" data-element_type=\"container\" data-settings=\"{&quot;background_background&quot;:&quot;classic&quot;}\">\n\t\t\t\t\t<div class=\"e-con-inner\">\n\t\t<div class=\"elementor-element elementor-element-252885b e-con-full e-flex e-con e-child\" data-id=\"252885b\" data-element_type=\"container\">\n\t\t\t\t<div class=\"elementor-element elementor-element-e4561e9 elementor-widget elementor-widget-heading\" data-id=\"e4561e9\" data-element_type=\"widget\" data-widget_type=\"heading.default\">\n\t\t\t\t<div class=\"elementor-widget-container\">\n\t\t\t\t\t<h1 class=\"elementor-heading-title elementor-size-default\">Menu<\/h1>\t\t\t\t<\/div>\n\t\t\t\t<\/div>\n\t\t\t\t<\/div>\n\t\t\t\t\t<\/div>\n\t\t\t\t<\/div>\n\t\t<div class=\"elementor-element elementor-element-e94547f e-flex e-con-boxed e-con e-parent\" data-id=\"e94547f\" data-element_type=\"container\">\n\t\t\t\t\t<div class=\"e-con-inner\">\n\t\t\t\t<div class=\"elementor-element elementor-element-f128a0c elementor-widget elementor-widget-text-editor\" data-id=\"f128a0c\" data-element_type=\"widget\" data-widget_type=\"text-editor.default\">\n\t\t\t\t<div class=\"elementor-widget-container\">\n\t\t\t\t\t\t\t\t\t<p><span style=\"font-weight: 400;\">Kolin Satamatuvan ruokalistalta l\u00f6ytyy annoksia jokaiseen makuun. Meille on t\u00e4rke\u00e4\u00e4 tarjota laadukasta, mutta edullista ruokaa, joka maistuu niin ulkoilijalle, perheelle kuin satamassa viipyv\u00e4lle matkailijallekin.\u00a0<\/span><\/p><p><span style=\"font-weight: 400;\">Tutustu ruokalistaamme alta ja valitse oma suosikkisi! Meill\u00e4 k\u00e4y my\u00f6s E-passi.<\/span><\/p>\t\t\t\t\t\t\t\t<\/div>\n\t\t\t\t<\/div>\n\t\t\t\t\t<\/div>\n\t\t\t\t<\/div>\n\t\t<div class=\"elementor-element elementor-element-4500249 e-grid e-con-boxed e-con e-parent\" data-id=\"4500249\" data-element_type=\"container\">\n\t\t\t\t\t<div class=\"e-con-inner\">\n\t\t\t\t<div class=\"elementor-element elementor-element-1c63b16 elementor-widget elementor-widget-text-editor\" data-id=\"1c63b16\" data-element_type=\"widget\" data-widget_type=\"text-editor.default\">\n\t\t\t\t<div class=\"elementor-widget-container\">\n\t\t\t\t\t\t\t\t\t<h3><span style=\"font-size: 1.5625rem; font-style: inherit;\">Annokset<\/span><\/h3><div><div><div><p>Muikut muusilla (L)\u00a0 \u00a0 \u00a0 \u00a0 \u00a0 \u00a0 \u00a0 \u00a0 \u00a0 \u00a0 \u00a0 \u00a0 \u00a0 \u00a0 \u00a0 \u00a0 \u00a0 \u00a0 \u00a0 18.90<\/p><\/div><\/div><div><div><p>Riistak\u00e4ristys muusilla (L,G)\u00a0 \u00a0 \u00a0 \u00a0 \u00a0 \u00a0 \u00a0 \u00a0 \u00a0 \u00a0 \u00a0 \u00a0 17,90<\/p><\/div><\/div><div><div><p>Porsaan lehtipihvi\u00a0 \u00a0 \u00a0 \u00a0 \u00a0 \u00a0 \u00a0 \u00a0 \u00a0 \u00a0 \u00a0 \u00a0 \u00a0 \u00a0 \u00a0 \u00a0 \u00a0 \u00a0 \u00a0 \u00a0 15,90<\/p><\/div><\/div><div><div><p>Kanakori\u00a0 \u00a0 \u00a0 \u00a0 \u00a0 \u00a0 \u00a0 \u00a0 \u00a0 \u00a0 \u00a0 \u00a0 \u00a0 \u00a0 \u00a0 \u00a0 \u00a0 \u00a0 \u00a0 \u00a0 \u00a0 \u00a0 \u00a0 \u00a0 \u00a0 \u00a0 \u00a0 \u00a012,90<\/p><\/div><\/div><div><div><p>Makkaraperunat (L,G)\u00a0 \u00a0 \u00a0 \u00a0 \u00a0 \u00a0 \u00a0 \u00a0 \u00a0 \u00a0 \u00a0 \u00a0 \u00a0 \u00a0 \u00a0 \u00a0 \u00a011,90<\/p><p>V\u00f6ner ranskalaisilla (V)\u00a0 \u00a0 \u00a0 \u00a0 \u00a0 \u00a0 \u00a0 \u00a0 \u00a0 \u00a0 \u00a0 \u00a0 \u00a0 \u00a0 \u00a0 \u00a013,90<\/p><\/div><\/div><div><div><p>Kana-halloumisalaatti\u00a0 \u00a0 \u00a0 \u00a0 \u00a0 \u00a0 \u00a0 \u00a0 \u00a0 \u00a0 \u00a0 \u00a0 \u00a0 \u00a0 \u00a0 \u00a0 \u00a012,90<\/p><h3>Burgerit<\/h3><p>Gluteeniton s\u00e4mpyl\u00e4 2,00<\/p><p>Tuvan burgeri ja ranskalaiset\u00a0 \u00a0 \u00a0 \u00a0 \u00a0 \u00a0 \u00a0 \u00a0 \u00a0 \u00a0 \u00a015,90<\/p><p>Kippariburgeri ja ranskalaiset\u00a0 \u00a0 \u00a0 \u00a0 \u00a0 \u00a0 \u00a0 \u00a0 \u00a0 \u00a0 17,90<\/p><\/div><\/div><\/div>\t\t\t\t\t\t\t\t<\/div>\n\t\t\t\t<\/div>\n\t\t\t\t<div class=\"elementor-element elementor-element-d39e9a0 elementor-widget elementor-widget-text-editor\" data-id=\"d39e9a0\" data-element_type=\"widget\" data-widget_type=\"text-editor.default\">\n\t\t\t\t<div class=\"elementor-widget-container\">\n\t\t\t\t\t\t\t\t\t<h3>Pizzat<\/h3><div><div><div><p>Margarita (L)\u00a0 \u00a0 \u00a0 \u00a0 \u00a0 \u00a0 \u00a0 \u00a0 \u00a0 \u00a0 \u00a0 \u00a0 \u00a0 \u00a0 \u00a0 \u00a0 \u00a0 \u00a0 \u00a0 \u00a0 \u00a0 \u00a0 \u00a0 \u00a0 \u00a013,90<\/p><\/div><\/div><div><div><p>Hawaji (L)\u00a0 \u00a0 \u00a0 \u00a0 \u00a0 \u00a0 \u00a0 \u00a0 \u00a0 \u00a0 \u00a0 \u00a0 \u00a0 \u00a0 \u00a0 \u00a0 \u00a0 \u00a0 \u00a0 \u00a0 \u00a0 \u00a0 \u00a0 \u00a0 \u00a0 \u00a0 \u00a0 16,90<\/p><\/div><\/div><div><div><p>Pollo (L)\u00a0 \u00a0 \u00a0 \u00a0 \u00a0 \u00a0 \u00a0 \u00a0 \u00a0 \u00a0 \u00a0 \u00a0 \u00a0 \u00a0 \u00a0 \u00a0 \u00a0 \u00a0 \u00a0 \u00a0 \u00a0 \u00a0 \u00a0 \u00a0 \u00a0 \u00a0 \u00a0 \u00a0 \u00a016,90<\/p><\/div><\/div><div><div><p>Prosciutto Crudo (L)\u00a0 \u00a0 \u00a0 \u00a0 \u00a0 \u00a0 \u00a0 \u00a0 \u00a0 \u00a0 \u00a0 \u00a0 \u00a0 \u00a0 \u00a0 \u00a0 \u00a0 \u00a0 \u00a016,90<\/p><\/div><\/div><div><div><p>Pepperoni (L)\u00a0 \u00a0 \u00a0 \u00a0 \u00a0 \u00a0 \u00a0 \u00a0 \u00a0 \u00a0 \u00a0 \u00a0 \u00a0 \u00a0 \u00a0 \u00a0 \u00a0 \u00a0 \u00a0 \u00a0 \u00a0 \u00a0 \u00a0 \u00a0 16,90<\/p><p><span class=\"a_GcMg font-feature-liga-off font-feature-clig-off font-feature-calt-off text-decoration-none text-strikethrough-none\">Kylm\u00e4savulohi (L)\u00a0 \u00a0 \u00a0 \u00a0 \u00a0 \u00a0 \u00a0 \u00a0 \u00a0 \u00a0 \u00a0 \u00a0 \u00a0 \u00a0 \u00a0 \u00a0 \u00a0 \u00a0 \u00a0 \u00a0 \u00a016,90<\/span><\/p><p><span class=\"a_GcMg font-feature-liga-off font-feature-clig-off font-feature-calt-off text-decoration-none text-strikethrough-none\">Gluteeniton pohja\u00a0 \u00a0 \u00a0 \u00a0 \u00a0 \u00a0 \u00a0 \u00a0 \u00a0 \u00a0 \u00a0 \u00a0 \u00a0 \u00a0 \u00a0 \u00a0 \u00a0 \u00a0 \u00a0 \u00a0 \u00a0+2,00<\/span><\/p><h3>Lapset<\/h3><div><div><div><p>Pikkuretkeilij\u00e4n jauhelihapihvi muusilla (L)\u00a0 \u00a08,90<\/p><\/div><\/div><div><div><p>Mets\u00e4seikkailijan nakit muusilla (L)\u00a0 \u00a0 \u00a0 \u00a0 \u00a0 \u00a0 \u00a0 8,90<\/p><\/div><\/div><div><div><p>Kot kot-kori\u00a0 \u00a0 \u00a0 \u00a0 \u00a0 \u00a0 \u00a0 \u00a0 \u00a0 \u00a0 \u00a0 \u00a0 \u00a0 \u00a0 \u00a0 \u00a0 \u00a0 \u00a0 \u00a0 \u00a0 \u00a0 \u00a0 \u00a0 \u00a0 \u00a0 \u00a0 \u00a08,90<\/p><\/div><\/div><div><div><p>Nugetit ranskalaisilla ja dippi\u00a0 \u00a0 \u00a0 \u00a0 \u00a0 \u00a0 \u00a0 \u00a0 \u00a0 \u00a0 \u00a0 \u00a0 8,90<\/p><\/div><\/div><div><div><p>Satamakipparin juustoburgeri\u00a0 \u00a0 \u00a0 \u00a0 \u00a0 \u00a0 \u00a0 \u00a0 \u00a0 \u00a0 \u00a0 8,90<\/p><\/div><\/div><\/div><\/div><\/div><\/div>\t\t\t\t\t\t\t\t<\/div>\n\t\t\t\t<\/div>\n\t\t\t\t\t<\/div>\n\t\t\t\t<\/div>\n\t\t<div class=\"elementor-element elementor-element-bec02fa e-flex e-con-boxed e-con e-parent\" data-id=\"bec02fa\" data-element_type=\"container\">\n\t\t\t\t\t<div class=\"e-con-inner\">\n\t\t\t\t<div class=\"elementor-element elementor-element-704ebd5 elementor-widget elementor-widget-text-editor\" data-id=\"704ebd5\" data-element_type=\"widget\" data-widget_type=\"text-editor.default\">\n\t\t\t\t<div class=\"elementor-widget-container\">\n\t\t\t\t\t\t\t\t\t<p><span class=\"a_GcMg font-feature-liga-off font-feature-clig-off font-feature-calt-off text-decoration-none text-strikethrough-none\">J\u00e4lkiruoka- ja juomalistan sek\u00e4 vaihtuvan viinivalikoimamme l\u00f6yd\u00e4t paikan p\u00e4\u00e4lt\u00e4!<\/span><\/p>\t\t\t\t\t\t\t\t<\/div>\n\t\t\t\t<\/div>\n\t\t\t\t\t<\/div>\n\t\t\t\t<\/div>\n\t\t<div class=\"elementor-element elementor-element-3090d975 e-con-full e-flex e-con e-parent\" data-id=\"3090d975\" data-element_type=\"container\">\n\t\t<a class=\"eael-wrapper-link-20f17750 --eael-wrapper-link-tag\" href=\"https:\/\/www.instagram.com\/kolinsatamatupa\/\"><\/a><div data-eael-wrapper-link=\"eael-wrapper-link-20f17750\" class=\"elementor-element elementor-element-20f17750 e-con-full e-flex e-con e-child\" data-id=\"20f17750\" data-element_type=\"container\" data-settings=\"{&quot;background_background&quot;:&quot;classic&quot;}\">\n\t\t\t\t<\/div>\n\t\t<a class=\"eael-wrapper-link-3cae287b --eael-wrapper-link-tag\" href=\"https:\/\/www.instagram.com\/kolinsatamatupa\/\"><\/a><div data-eael-wrapper-link=\"eael-wrapper-link-3cae287b\" class=\"elementor-element elementor-element-3cae287b e-con-full e-flex e-con e-child\" data-id=\"3cae287b\" data-element_type=\"container\" data-settings=\"{&quot;background_background&quot;:&quot;classic&quot;}\">\n\t\t\t\t<div class=\"elementor-element elementor-element-7bf35f2b elementor-view-default elementor-widget elementor-widget-icon\" data-id=\"7bf35f2b\" data-element_type=\"widget\" data-widget_type=\"icon.default\">\n\t\t\t\t<div class=\"elementor-widget-container\">\n\t\t\t\t\t\t\t<div class=\"elementor-icon-wrapper\">\n\t\t\t<div class=\"elementor-icon\">\n\t\t\t<i aria-hidden=\"true\" class=\"fab fa-instagram\"><\/i>\t\t\t<\/div>\n\t\t<\/div>\n\t\t\t\t\t\t<\/div>\n\t\t\t\t<\/div>\n\t\t<div class=\"elementor-element elementor-element-6b6f643d e-con-full e-flex e-con e-child\" data-id=\"6b6f643d\" data-element_type=\"container\">\n\t\t<div class=\"elementor-element elementor-element-38ca4f32 e-con-full e-flex e-con e-child\" data-id=\"38ca4f32\" data-element_type=\"container\">\n\t\t\t\t<div class=\"elementor-element elementor-element-68976135 elementor-widget elementor-widget-heading\" data-id=\"68976135\" data-element_type=\"widget\" data-widget_type=\"heading.default\">\n\t\t\t\t<div class=\"elementor-widget-container\">\n\t\t\t\t\t<h4 class=\"elementor-heading-title elementor-size-default\">Seuraa meit\u00e4<\/h4>\t\t\t\t<\/div>\n\t\t\t\t<\/div>\n\t\t\t\t<div class=\"elementor-element elementor-element-54d6e679 elementor-widget elementor-widget-image\" data-id=\"54d6e679\" data-element_type=\"widget\" data-widget_type=\"image.default\">\n\t\t\t\t<div class=\"elementor-widget-container\">\n\t\t\t\t\t\t\t\t\t\t\t\t\t\t\t<img decoding=\"async\" width=\"245\" height=\"69\" src=\"https:\/\/kolinsatamatupa.fi\/wp-content\/uploads\/2021\/05\/insta-logo-img.png\" class=\"attachment-full size-full wp-image-109\" alt=\"\" \/>\t\t\t\t\t\t\t\t\t\t\t\t\t\t\t<\/div>\n\t\t\t\t<\/div>\n\t\t\t\t<\/div>\n\t\t\t\t<\/div>\n\t\t\t\t<\/div>\n\t\t<a class=\"eael-wrapper-link-3a422672 --eael-wrapper-link-tag\" href=\"https:\/\/www.instagram.com\/kolinsatamatupa\/\"><\/a><div data-eael-wrapper-link=\"eael-wrapper-link-3a422672\" class=\"elementor-element elementor-element-3a422672 e-con-full e-flex e-con e-child\" data-id=\"3a422672\" data-element_type=\"container\" data-settings=\"{&quot;background_background&quot;:&quot;classic&quot;}\">\n\t\t\t\t<\/div>\n\t\t<a class=\"eael-wrapper-link-524f5c61 --eael-wrapper-link-tag\" href=\"https:\/\/www.instagram.com\/kolinsatamatupa\/\"><\/a><div data-eael-wrapper-link=\"eael-wrapper-link-524f5c61\" class=\"elementor-element elementor-element-524f5c61 e-con-full e-flex e-con e-child\" data-id=\"524f5c61\" data-element_type=\"container\" data-settings=\"{&quot;background_background&quot;:&quot;classic&quot;}\">\n\t\t\t\t<\/div>\n\t\t<a class=\"eael-wrapper-link-4a18c2dd --eael-wrapper-link-tag\" href=\"https:\/\/www.instagram.com\/kolinsatamatupa\/\"><\/a><div data-eael-wrapper-link=\"eael-wrapper-link-4a18c2dd\" class=\"elementor-element elementor-element-4a18c2dd e-con-full e-flex e-con e-child\" data-id=\"4a18c2dd\" data-element_type=\"container\" data-settings=\"{&quot;background_background&quot;:&quot;classic&quot;}\">\n\t\t\t\t<\/div>\n\t\t\t\t<\/div>\n\t\t\t\t<\/div>","protected":false},"excerpt":{"rendered":"<p>Menu Kolin Satamatuvan ruokalistalta l\u00f6ytyy annoksia jokaiseen makuun. Meille on t\u00e4rke\u00e4\u00e4 tarjota laadukasta, mutta edullista ruokaa, joka maistuu niin ulkoilijalle, perheelle kuin satamassa viipyv\u00e4lle matkailijallekin.\u00a0 Tutustu ruokalistaamme alta ja valitse oma suosikkisi! Meill\u00e4 k\u00e4y my\u00f6s E-passi. Annokset Muikut muusilla (L)\u00a0 \u00a0 \u00a0 \u00a0 \u00a0 \u00a0 \u00a0 \u00a0 \u00a0 \u00a0 \u00a0 \u00a0 \u00a0 \u00a0 \u00a0 \u00a0 [&hellip;]<\/p>\n","protected":false},"author":1,"featured_media":0,"parent":0,"menu_order":0,"comment_status":"closed","ping_status":"closed","template":"","meta":{"site-sidebar-layout":"no-sidebar","site-content-layout":"page-builder","ast-site-content-layout":"default","site-content-style":"default","site-sidebar-style":"default","ast-global-header-display":"","ast-banner-title-visibility":"","ast-main-header-display":"","ast-hfb-above-header-display":"","ast-hfb-below-header-display":"","ast-hfb-mobile-header-display":"","site-post-title":"disabled","ast-breadcrumbs-content":"disabled","ast-featured-img":"disabled","footer-sml-layout":"","ast-disable-related-posts":"","theme-transparent-header-meta":"enabled","adv-header-id-meta":"","stick-header-meta":"","header-above-stick-meta":"","header-main-stick-meta":"","header-below-stick-meta":"","astra-migrate-meta-layouts":"default","ast-page-background-enabled":"default","ast-page-background-meta":{"desktop":{"background-color":"","background-image":"","background-repeat":"repeat","background-position":"center center","background-size":"auto","background-attachment":"scroll","background-type":"","background-media":"","overlay-type":"","overlay-color":"","overlay-opacity":"","overlay-gradient":""},"tablet":{"background-color":"","background-image":"","background-repeat":"repeat","background-position":"center center","background-size":"auto","background-attachment":"scroll","background-type":"","background-media":"","overlay-type":"","overlay-color":"","overlay-opacity":"","overlay-gradient":""},"mobile":{"background-color":"","background-image":"","background-repeat":"repeat","background-position":"center center","background-size":"auto","background-attachment":"scroll","background-type":"","background-media":"","overlay-type":"","overlay-color":"","overlay-opacity":"","overlay-gradient":""}},"ast-content-background-meta":{"desktop":{"background-color":"var(--ast-global-color-5)","background-image":"","background-repeat":"repeat","background-position":"center center","background-size":"auto","background-attachment":"scroll","background-type":"","background-media":"","overlay-type":"","overlay-color":"","overlay-opacity":"","overlay-gradient":""},"tablet":{"background-color":"var(--ast-global-color-5)","background-image":"","background-repeat":"repeat","background-position":"center center","background-size":"auto","background-attachment":"scroll","background-type":"","background-media":"","overlay-type":"","overlay-color":"","overlay-opacity":"","overlay-gradient":""},"mobile":{"background-color":"var(--ast-global-color-5)","background-image":"","background-repeat":"repeat","background-position":"center center","background-size":"auto","background-attachment":"scroll","background-type":"","background-media":"","overlay-type":"","overlay-color":"","overlay-opacity":"","overlay-gradient":""}},"footnotes":""},"class_list":["post-401","page","type-page","status-publish","hentry"],"yoast_head":"<!-- This site is optimized with the Yoast SEO plugin v27.1.1 - https:\/\/yoast.com\/product\/yoast-seo-wordpress\/ -->\n<title>Menu - Kolin Satamatupa<\/title>\n<meta name=\"robots\" content=\"index, follow, max-snippet:-1, max-image-preview:large, max-video-preview:-1\" \/>\n<link rel=\"canonical\" href=\"https:\/\/kolinsatamatupa.fi\/en\/menu\/\" \/>\n<meta property=\"og:locale\" content=\"en_US\" \/>\n<meta property=\"og:type\" content=\"article\" \/>\n<meta property=\"og:title\" content=\"Menu - Kolin Satamatupa\" \/>\n<meta property=\"og:description\" content=\"Menu Kolin Satamatuvan ruokalistalta l\u00f6ytyy annoksia jokaiseen makuun. Meille on t\u00e4rke\u00e4\u00e4 tarjota laadukasta, mutta edullista ruokaa, joka maistuu niin ulkoilijalle, perheelle kuin satamassa viipyv\u00e4lle matkailijallekin.\u00a0 Tutustu ruokalistaamme alta ja valitse oma suosikkisi! Meill\u00e4 k\u00e4y my\u00f6s E-passi. Annokset Muikut muusilla (L)\u00a0 \u00a0 \u00a0 \u00a0 \u00a0 \u00a0 \u00a0 \u00a0 \u00a0 \u00a0 \u00a0 \u00a0 \u00a0 \u00a0 \u00a0 \u00a0 [&hellip;]\" \/>\n<meta property=\"og:url\" content=\"https:\/\/kolinsatamatupa.fi\/en\/menu\/\" \/>\n<meta property=\"og:site_name\" content=\"Kolin Satamatupa\" \/>\n<meta property=\"article:modified_time\" content=\"2026-01-06T13:44:11+00:00\" \/>\n<meta property=\"og:image\" content=\"https:\/\/kolinsatamatupa.fi\/wp-content\/uploads\/2021\/05\/insta-logo-img.png\" \/>\n\t<meta property=\"og:image:width\" content=\"245\" \/>\n\t<meta property=\"og:image:height\" content=\"69\" \/>\n\t<meta property=\"og:image:type\" content=\"image\/png\" \/>\n<meta name=\"twitter:card\" content=\"summary_large_image\" \/>\n<meta name=\"twitter:label1\" content=\"Est. reading time\" \/>\n\t<meta name=\"twitter:data1\" content=\"4 minutes\" \/>\n<script type=\"application\/ld+json\" class=\"yoast-schema-graph\">{\"@context\":\"https:\/\/schema.org\",\"@graph\":[{\"@type\":\"WebPage\",\"@id\":\"https:\/\/kolinsatamatupa.fi\/menu\/\",\"url\":\"https:\/\/kolinsatamatupa.fi\/menu\/\",\"name\":\"Menu - Kolin Satamatupa\",\"isPartOf\":{\"@id\":\"https:\/\/kolinsatamatupa.fi\/#website\"},\"primaryImageOfPage\":{\"@id\":\"https:\/\/kolinsatamatupa.fi\/menu\/#primaryimage\"},\"image\":{\"@id\":\"https:\/\/kolinsatamatupa.fi\/menu\/#primaryimage\"},\"thumbnailUrl\":\"https:\/\/kolinsatamatupa.fi\/wp-content\/uploads\/2021\/05\/insta-logo-img.png\",\"datePublished\":\"2025-11-14T11:33:31+00:00\",\"dateModified\":\"2026-01-06T13:44:11+00:00\",\"breadcrumb\":{\"@id\":\"https:\/\/kolinsatamatupa.fi\/menu\/#breadcrumb\"},\"inLanguage\":\"en-US\",\"potentialAction\":[{\"@type\":\"ReadAction\",\"target\":[\"https:\/\/kolinsatamatupa.fi\/menu\/\"]}]},{\"@type\":\"ImageObject\",\"inLanguage\":\"en-US\",\"@id\":\"https:\/\/kolinsatamatupa.fi\/menu\/#primaryimage\",\"url\":\"https:\/\/kolinsatamatupa.fi\/wp-content\/uploads\/2021\/05\/insta-logo-img.png\",\"contentUrl\":\"https:\/\/kolinsatamatupa.fi\/wp-content\/uploads\/2021\/05\/insta-logo-img.png\"},{\"@type\":\"BreadcrumbList\",\"@id\":\"https:\/\/kolinsatamatupa.fi\/menu\/#breadcrumb\",\"itemListElement\":[{\"@type\":\"ListItem\",\"position\":1,\"name\":\"Etusivu\",\"item\":\"https:\/\/kolinsatamatupa.fi\/\"},{\"@type\":\"ListItem\",\"position\":2,\"name\":\"Menu\"}]},{\"@type\":\"WebSite\",\"@id\":\"https:\/\/kolinsatamatupa.fi\/#website\",\"url\":\"https:\/\/kolinsatamatupa.fi\/\",\"name\":\"Kolin Satamatupa\",\"description\":\"Pyshdy Kolilla, viihdy satamatuvalla.\",\"publisher\":{\"@id\":\"https:\/\/kolinsatamatupa.fi\/#organization\"},\"potentialAction\":[{\"@type\":\"SearchAction\",\"target\":{\"@type\":\"EntryPoint\",\"urlTemplate\":\"https:\/\/kolinsatamatupa.fi\/?s={search_term_string}\"},\"query-input\":{\"@type\":\"PropertyValueSpecification\",\"valueRequired\":true,\"valueName\":\"search_term_string\"}}],\"inLanguage\":\"en-US\"},{\"@type\":\"Organization\",\"@id\":\"https:\/\/kolinsatamatupa.fi\/#organization\",\"name\":\"Kolin Satamatupa\",\"url\":\"https:\/\/kolinsatamatupa.fi\/\",\"logo\":{\"@type\":\"ImageObject\",\"inLanguage\":\"en-US\",\"@id\":\"https:\/\/kolinsatamatupa.fi\/#\/schema\/logo\/image\/\",\"url\":\"https:\/\/kolinsatamatupa.fi\/wp-content\/uploads\/2025\/11\/kolin-satama-15.png\",\"contentUrl\":\"https:\/\/kolinsatamatupa.fi\/wp-content\/uploads\/2025\/11\/kolin-satama-15.png\",\"width\":1228,\"height\":690,\"caption\":\"Kolin Satamatupa\"},\"image\":{\"@id\":\"https:\/\/kolinsatamatupa.fi\/#\/schema\/logo\/image\/\"}}]}<\/script>\n<!-- \/ Yoast SEO plugin. -->","yoast_head_json":{"title":"Menu - Kolin Satamatupa","robots":{"index":"index","follow":"follow","max-snippet":"max-snippet:-1","max-image-preview":"max-image-preview:large","max-video-preview":"max-video-preview:-1"},"canonical":"https:\/\/kolinsatamatupa.fi\/en\/menu\/","og_locale":"en_US","og_type":"article","og_title":"Menu - Kolin Satamatupa","og_description":"Menu Kolin Satamatuvan ruokalistalta l\u00f6ytyy annoksia jokaiseen makuun. Meille on t\u00e4rke\u00e4\u00e4 tarjota laadukasta, mutta edullista ruokaa, joka maistuu niin ulkoilijalle, perheelle kuin satamassa viipyv\u00e4lle matkailijallekin.\u00a0 Tutustu ruokalistaamme alta ja valitse oma suosikkisi! Meill\u00e4 k\u00e4y my\u00f6s E-passi. Annokset Muikut muusilla (L)\u00a0 \u00a0 \u00a0 \u00a0 \u00a0 \u00a0 \u00a0 \u00a0 \u00a0 \u00a0 \u00a0 \u00a0 \u00a0 \u00a0 \u00a0 \u00a0 [&hellip;]","og_url":"https:\/\/kolinsatamatupa.fi\/en\/menu\/","og_site_name":"Kolin Satamatupa","article_modified_time":"2026-01-06T13:44:11+00:00","og_image":[{"width":245,"height":69,"url":"https:\/\/kolinsatamatupa.fi\/wp-content\/uploads\/2021\/05\/insta-logo-img.png","type":"image\/png"}],"twitter_card":"summary_large_image","twitter_misc":{"Est. reading time":"4 minutes"},"schema":{"@context":"https:\/\/schema.org","@graph":[{"@type":"WebPage","@id":"https:\/\/kolinsatamatupa.fi\/menu\/","url":"https:\/\/kolinsatamatupa.fi\/menu\/","name":"Menu - Kolin Satamatupa","isPartOf":{"@id":"https:\/\/kolinsatamatupa.fi\/#website"},"primaryImageOfPage":{"@id":"https:\/\/kolinsatamatupa.fi\/menu\/#primaryimage"},"image":{"@id":"https:\/\/kolinsatamatupa.fi\/menu\/#primaryimage"},"thumbnailUrl":"https:\/\/kolinsatamatupa.fi\/wp-content\/uploads\/2021\/05\/insta-logo-img.png","datePublished":"2025-11-14T11:33:31+00:00","dateModified":"2026-01-06T13:44:11+00:00","breadcrumb":{"@id":"https:\/\/kolinsatamatupa.fi\/menu\/#breadcrumb"},"inLanguage":"en-US","potentialAction":[{"@type":"ReadAction","target":["https:\/\/kolinsatamatupa.fi\/menu\/"]}]},{"@type":"ImageObject","inLanguage":"en-US","@id":"https:\/\/kolinsatamatupa.fi\/menu\/#primaryimage","url":"https:\/\/kolinsatamatupa.fi\/wp-content\/uploads\/2021\/05\/insta-logo-img.png","contentUrl":"https:\/\/kolinsatamatupa.fi\/wp-content\/uploads\/2021\/05\/insta-logo-img.png"},{"@type":"BreadcrumbList","@id":"https:\/\/kolinsatamatupa.fi\/menu\/#breadcrumb","itemListElement":[{"@type":"ListItem","position":1,"name":"Etusivu","item":"https:\/\/kolinsatamatupa.fi\/"},{"@type":"ListItem","position":2,"name":"Menu"}]},{"@type":"WebSite","@id":"https:\/\/kolinsatamatupa.fi\/#website","url":"https:\/\/kolinsatamatupa.fi\/","name":"Kolin Satamatupa","description":"Pyshdy Kolilla, viihdy satamatuvalla.","publisher":{"@id":"https:\/\/kolinsatamatupa.fi\/#organization"},"potentialAction":[{"@type":"SearchAction","target":{"@type":"EntryPoint","urlTemplate":"https:\/\/kolinsatamatupa.fi\/?s={search_term_string}"},"query-input":{"@type":"PropertyValueSpecification","valueRequired":true,"valueName":"search_term_string"}}],"inLanguage":"en-US"},{"@type":"Organization","@id":"https:\/\/kolinsatamatupa.fi\/#organization","name":"Kolin Satamatupa","url":"https:\/\/kolinsatamatupa.fi\/","logo":{"@type":"ImageObject","inLanguage":"en-US","@id":"https:\/\/kolinsatamatupa.fi\/#\/schema\/logo\/image\/","url":"https:\/\/kolinsatamatupa.fi\/wp-content\/uploads\/2025\/11\/kolin-satama-15.png","contentUrl":"https:\/\/kolinsatamatupa.fi\/wp-content\/uploads\/2025\/11\/kolin-satama-15.png","width":1228,"height":690,"caption":"Kolin Satamatupa"},"image":{"@id":"https:\/\/kolinsatamatupa.fi\/#\/schema\/logo\/image\/"}}]}},"_links":{"self":[{"href":"https:\/\/kolinsatamatupa.fi\/en\/wp-json\/wp\/v2\/pages\/401","targetHints":{"allow":["GET"]}}],"collection":[{"href":"https:\/\/kolinsatamatupa.fi\/en\/wp-json\/wp\/v2\/pages"}],"about":[{"href":"https:\/\/kolinsatamatupa.fi\/en\/wp-json\/wp\/v2\/types\/page"}],"author":[{"embeddable":true,"href":"https:\/\/kolinsatamatupa.fi\/en\/wp-json\/wp\/v2\/users\/1"}],"replies":[{"embeddable":true,"href":"https:\/\/kolinsatamatupa.fi\/en\/wp-json\/wp\/v2\/comments?post=401"}],"version-history":[{"count":30,"href":"https:\/\/kolinsatamatupa.fi\/en\/wp-json\/wp\/v2\/pages\/401\/revisions"}],"predecessor-version":[{"id":1280,"href":"https:\/\/kolinsatamatupa.fi\/en\/wp-json\/wp\/v2\/pages\/401\/revisions\/1280"}],"wp:attachment":[{"href":"https:\/\/kolinsatamatupa.fi\/en\/wp-json\/wp\/v2\/media?parent=401"}],"curies":[{"name":"wp","href":"https:\/\/api.w.org\/{rel}","templated":true}]}}